{"id":19,"date":"2025-11-24T19:12:53","date_gmt":"2025-11-24T20:12:53","guid":{"rendered":"https:\/\/imotformacion.es\/?page_id=19"},"modified":"2025-12-12T10:56:21","modified_gmt":"2025-12-12T11:56:21","slug":"certificados-de-profesionalidad","status":"publish","type":"page","link":"https:\/\/imotformacion.es\/index.php\/certificados-de-profesionalidad\/","title":{"rendered":"Certificados de profesionalidad"},"content":{"rendered":"\n<div class=\"wp-block-cover\" style=\"min-height:513px;aspect-ratio:unset;\"><img loading=\"lazy\" decoding=\"async\" width=\"1024\" height=\"1024\" class=\"wp-block-cover__image-background wp-image-163 size-full\" alt=\"\" src=\"https:\/\/imotformacion.es\/wp-content\/uploads\/2025\/12\/unnamed.jpg\" data-object-fit=\"cover\" srcset=\"https:\/\/imotformacion.es\/wp-content\/uploads\/2025\/12\/unnamed.jpg 1024w, https:\/\/imotformacion.es\/wp-content\/uploads\/2025\/12\/unnamed-300x300.jpg 300w, https:\/\/imotformacion.es\/wp-content\/uploads\/2025\/12\/unnamed-150x150.jpg 150w, https:\/\/imotformacion.es\/wp-content\/uploads\/2025\/12\/unnamed-768x768.jpg 768w\" sizes=\"auto, (max-width: 1024px) 100vw, 1024px\" \/><span aria-hidden=\"true\" class=\"wp-block-cover__background has-theme-palette-6-background-color has-background-dim-30 has-background-dim\"><\/span><div class=\"wp-block-cover__inner-container is-layout-constrained wp-block-cover-is-layout-constrained\">\n<p class=\"has-text-align-center has-large-font-size\"><\/p>\n<\/div><\/div>\n\n\n\n<div style=\"height:100px\" aria-hidden=\"true\" class=\"wp-block-spacer\"><\/div>\n\n\n\n<div class=\"wp-block-columns is-layout-flex wp-container-core-columns-is-layout-9d6595d7 wp-block-columns-is-layout-flex\">\n<div class=\"wp-block-column is-vertically-aligned-center is-layout-flow wp-block-column-is-layout-flow\">\n<figure class=\"wp-block-image size-large has-custom-border\"><img loading=\"lazy\" decoding=\"async\" width=\"1024\" height=\"576\" src=\"https:\/\/imotformacion.es\/wp-content\/uploads\/2025\/12\/austin-distel-rxpThOwuVgE-unsplash-1-1024x576.jpg\" alt=\"\" class=\"wp-image-176\" style=\"border-width:15px;border-radius:20px\" srcset=\"https:\/\/imotformacion.es\/wp-content\/uploads\/2025\/12\/austin-distel-rxpThOwuVgE-unsplash-1-1024x576.jpg 1024w, https:\/\/imotformacion.es\/wp-content\/uploads\/2025\/12\/austin-distel-rxpThOwuVgE-unsplash-1-300x169.jpg 300w, https:\/\/imotformacion.es\/wp-content\/uploads\/2025\/12\/austin-distel-rxpThOwuVgE-unsplash-1-768x432.jpg 768w, https:\/\/imotformacion.es\/wp-content\/uploads\/2025\/12\/austin-distel-rxpThOwuVgE-unsplash-1-1536x864.jpg 1536w, https:\/\/imotformacion.es\/wp-content\/uploads\/2025\/12\/austin-distel-rxpThOwuVgE-unsplash-1.jpg 1920w\" sizes=\"auto, (max-width: 1024px) 100vw, 1024px\" \/><\/figure>\n<\/div>\n\n\n\n<div class=\"wp-block-column is-layout-flow wp-block-column-is-layout-flow\">\n<h2 class=\"wp-block-heading has-medium-font-size\">Gesti\u00f3n administrativa y financiera del comercio internacional<\/h2>\n\n\n\n<p>\u00abEl mundo es tu oficina. Especial\u00edzate en un sector sin paro y aprende a controlar las operaciones de importaci\u00f3n y exportaci\u00f3n que mueven la econom\u00eda global.\u00bb<\/p>\n\n\n\n<details class=\"wp-block-details is-layout-flow wp-block-details-is-layout-flow\"><summary><strong>Ver Temario y M\u00f3dulos<\/strong><\/summary>\n<p>MF0242_3: Gesti\u00f3n administrativa del comercio internacional<\/p>\n\n\n\n<p>MF0243_3: Financiaci\u00f3n internacional<\/p>\n\n\n\n<p>MF0244_3: Medios de pago internacionales<\/p>\n\n\n\n<p>MF1010_3: Ingl\u00e9s profesional para comercio internacional<\/p>\n\n\n\n<p>MP0375: M\u00f3dulo de pr\u00e1cticas profesionales no laborales<\/p>\n\n\n\n<p>Duraci\u00f3n horas totales certificado de profesionalidad &#8211; 660<\/p>\n<\/details>\n<\/div>\n<\/div>\n\n\n\n<div class=\"wp-block-columns are-vertically-aligned-center is-layout-flex wp-container-core-columns-is-layout-9d6595d7 wp-block-columns-is-layout-flex\">\n<div class=\"wp-block-column is-vertically-aligned-center is-layout-flow wp-block-column-is-layout-flow\">\n<h2 class=\"wp-block-heading has-medium-font-size\">Creaci\u00f3n y gesti\u00f3n de microempresas<\/h2>\n\n\n\n<p>\u00ab\u00bfTienes una idea de negocio? Adquiere las competencias necesarias para transformar un proyecto personal en una empresa real. Aprender\u00e1s a dirigir, gestionar y hacer crecer peque\u00f1os negocios con una visi\u00f3n 360\u00ba.\u00bb<\/p>\n\n\n\n<details class=\"wp-block-details is-layout-flow wp-block-details-is-layout-flow\"><summary><strong>Ver Temario y M\u00f3dulos<\/strong><\/summary>\n<p>MF1788_3 Planificaci\u00f3n e iniciativa emprendedora en<br>peque\u00f1os negocios o microempresas<\/p>\n\n\n\n<p>MF1789_3 Direcci\u00f3n de la actividad empresarial de peque\u00f1os negocios o microempresas<\/p>\n\n\n\n<p>MF1790_3 Comercializaci\u00f3n de productos y servicios en<br>peque\u00f1os negocios o microempresas<\/p>\n\n\n\n<p>MF1791_3 Gesti\u00f3n administrativa y econ\u00f3mico-financiera de peque\u00f1os negocios o microempresas<\/p>\n\n\n\n<p>MF1792_2 Gesti\u00f3n de la prevenci\u00f3n de riesgos laborales en peque\u00f1os negocios<\/p>\n\n\n\n<p>MP0385: M\u00f3dulo de pr\u00e1cticas profesionales no laborales<\/p>\n\n\n\n<p>Duraci\u00f3n horas totales certificado de profesionalidad-520<\/p>\n<\/details>\n<\/div>\n\n\n\n<div class=\"wp-block-column is-vertically-aligned-center is-layout-flow wp-block-column-is-layout-flow\">\n<figure class=\"wp-block-image size-large has-custom-border\"><img loading=\"lazy\" decoding=\"async\" width=\"1024\" height=\"683\" src=\"https:\/\/imotformacion.es\/wp-content\/uploads\/2025\/12\/pexels-kampus-8171208-1024x683.jpg\" alt=\"\" class=\"wp-image-173\" style=\"border-width:15px;border-radius:20px\" srcset=\"https:\/\/imotformacion.es\/wp-content\/uploads\/2025\/12\/pexels-kampus-8171208-1024x683.jpg 1024w, https:\/\/imotformacion.es\/wp-content\/uploads\/2025\/12\/pexels-kampus-8171208-300x200.jpg 300w, https:\/\/imotformacion.es\/wp-content\/uploads\/2025\/12\/pexels-kampus-8171208-768x512.jpg 768w, https:\/\/imotformacion.es\/wp-content\/uploads\/2025\/12\/pexels-kampus-8171208-1536x1024.jpg 1536w, https:\/\/imotformacion.es\/wp-content\/uploads\/2025\/12\/pexels-kampus-8171208-2048x1365.jpg 2048w\" sizes=\"auto, (max-width: 1024px) 100vw, 1024px\" \/><\/figure>\n<\/div>\n<\/div>\n\n\n\n<div class=\"wp-block-columns are-vertically-aligned-center is-layout-flex wp-container-core-columns-is-layout-9d6595d7 wp-block-columns-is-layout-flex\">\n<div class=\"wp-block-column is-vertically-aligned-center is-layout-flow wp-block-column-is-layout-flow\">\n<figure class=\"wp-block-image size-large has-custom-border\"><img loading=\"lazy\" decoding=\"async\" width=\"1024\" height=\"683\" src=\"https:\/\/imotformacion.es\/wp-content\/uploads\/2025\/12\/zulfugar-karimov-7svzZEsJ1ms-unsplash-1-1024x683.jpg\" alt=\"\" class=\"wp-image-178\" style=\"border-width:15px;border-radius:20px\" srcset=\"https:\/\/imotformacion.es\/wp-content\/uploads\/2025\/12\/zulfugar-karimov-7svzZEsJ1ms-unsplash-1-1024x683.jpg 1024w, https:\/\/imotformacion.es\/wp-content\/uploads\/2025\/12\/zulfugar-karimov-7svzZEsJ1ms-unsplash-1-300x200.jpg 300w, https:\/\/imotformacion.es\/wp-content\/uploads\/2025\/12\/zulfugar-karimov-7svzZEsJ1ms-unsplash-1-768x512.jpg 768w, https:\/\/imotformacion.es\/wp-content\/uploads\/2025\/12\/zulfugar-karimov-7svzZEsJ1ms-unsplash-1-1536x1024.jpg 1536w, https:\/\/imotformacion.es\/wp-content\/uploads\/2025\/12\/zulfugar-karimov-7svzZEsJ1ms-unsplash-1-2048x1365.jpg 2048w\" sizes=\"auto, (max-width: 1024px) 100vw, 1024px\" \/><\/figure>\n<\/div>\n\n\n\n<div class=\"wp-block-column is-vertically-aligned-center is-layout-flow wp-block-column-is-layout-flow\">\n<h2 class=\"wp-block-heading has-medium-font-size\">Actividades administrativas en la relaci\u00f3n con el cliente<\/h2>\n\n\n\n<p>\u00abConvi\u00e9rtete en la cara visible y eficiente de la empresa. Aprende a gestionar la comunicaci\u00f3n, archivos y datos con las herramientas m\u00e1s actuales.\u00bb<\/p>\n\n\n\n<details class=\"wp-block-details is-layout-flow wp-block-details-is-layout-flow\"><summary><strong>Ver Temario y M\u00f3dulos<\/strong><\/summary>\n<p>MF0975_2: T\u00e9cnicas de recepci\u00f3n y comunicaci\u00f3n<\/p>\n\n\n\n<p>MF0976_2: Operaciones administrativas comerciales<\/p>\n\n\n\n<p>MF0973_1: Grabaci\u00f3n de datos<\/p>\n\n\n\n<p>MF0978_2: Gesti\u00f3n de Archivos<\/p>\n\n\n\n<p>MF0977_2: Lengua extranjera profesional para la gesti\u00f3n administrativa en la relaci\u00f3n con el cliente<\/p>\n\n\n\n<p>MF0233_2: Ofim\u00e1tica<\/p>\n\n\n\n<p>MP0079: M\u00f3dulo de pr\u00e1cticas profesionales no laborales<\/p>\n\n\n\n<p>Duraci\u00f3n horas totales certificado de profesionalidad-800<\/p>\n<\/details>\n<\/div>\n<\/div>\n","protected":false},"excerpt":{"rendered":"<p>Gesti\u00f3n administrativa y financiera del comercio internacional \u00abEl mundo es tu oficina. Especial\u00edzate en un sector sin paro y aprende a controlar las operaciones de importaci\u00f3n y exportaci\u00f3n que mueven la econom\u00eda global.\u00bb Creaci\u00f3n y gesti\u00f3n de microempresas \u00ab\u00bfTienes una idea de negocio? Adquiere las competencias necesarias para transformar un proyecto personal en una empresa&#8230;<\/p>\n","protected":false},"author":1,"featured_media":0,"parent":0,"menu_order":0,"comment_status":"closed","ping_status":"closed","template":"","meta":{"_kadence_starter_templates_imported_post":false,"_kad_post_transparent":"","_kad_post_title":"hide","_kad_post_layout":"","_kad_post_sidebar_id":"","_kad_post_content_style":"","_kad_post_vertical_padding":"","_kad_post_feature":"","_kad_post_feature_position":"","_kad_post_header":false,"_kad_post_footer":false,"_kad_post_classname":"","footnotes":""},"class_list":["post-19","page","type-page","status-publish","hentry"],"_links":{"self":[{"href":"https:\/\/imotformacion.es\/index.php\/wp-json\/wp\/v2\/pages\/19","targetHints":{"allow":["GET"]}}],"collection":[{"href":"https:\/\/imotformacion.es\/index.php\/wp-json\/wp\/v2\/pages"}],"about":[{"href":"https:\/\/imotformacion.es\/index.php\/wp-json\/wp\/v2\/types\/page"}],"author":[{"embeddable":true,"href":"https:\/\/imotformacion.es\/index.php\/wp-json\/wp\/v2\/users\/1"}],"replies":[{"embeddable":true,"href":"https:\/\/imotformacion.es\/index.php\/wp-json\/wp\/v2\/comments?post=19"}],"version-history":[{"count":12,"href":"https:\/\/imotformacion.es\/index.php\/wp-json\/wp\/v2\/pages\/19\/revisions"}],"predecessor-version":[{"id":181,"href":"https:\/\/imotformacion.es\/index.php\/wp-json\/wp\/v2\/pages\/19\/revisions\/181"}],"wp:attachment":[{"href":"https:\/\/imotformacion.es\/index.php\/wp-json\/wp\/v2\/media?parent=19"}],"curies":[{"name":"wp","href":"https:\/\/api.w.org\/{rel}","templated":true}]}}